{"id":629,"date":"2024-09-04T19:57:30","date_gmt":"2024-09-05T01:57:30","guid":{"rendered":"https:\/\/nortenos.bandamusical.mx\/blog\/?page_id=629"},"modified":"2025-04-18T17:42:38","modified_gmt":"2025-04-18T23:42:38","slug":"nortenos-en-jiutepec-morelos","status":"publish","type":"page","link":"https:\/\/nortenos.bandamusical.mx\/blog\/nortenos-en-jiutepec-morelos\/","title":{"rendered":"Norte\u00f1os en Jiutepec"},"content":{"rendered":"\n<figure class=\"wp-block-image size-full is-resized\"><a href=\"https:\/\/i0.wp.com\/nortenos.bandamusical.mx\/blog\/wp-content\/uploads\/2024\/09\/norteno1.jpg?ssl=1\"><img data-recalc-dims=\"1\" loading=\"lazy\" decoding=\"async\" width=\"1019\" height=\"720\" src=\"https:\/\/i0.wp.com\/nortenos.bandamusical.mx\/blog\/wp-content\/uploads\/2024\/09\/norteno1.jpg?resize=1019%2C720&#038;ssl=1\" alt=\"norte\u00f1os en cuernavaca\" class=\"wp-image-607\" style=\"width:565px;height:auto\" srcset=\"https:\/\/i0.wp.com\/nortenos.bandamusical.mx\/blog\/wp-content\/uploads\/2024\/09\/norteno1.jpg?w=1019&amp;ssl=1 1019w, https:\/\/i0.wp.com\/nortenos.bandamusical.mx\/blog\/wp-content\/uploads\/2024\/09\/norteno1.jpg?resize=300%2C212&amp;ssl=1 300w, https:\/\/i0.wp.com\/nortenos.bandamusical.mx\/blog\/wp-content\/uploads\/2024\/09\/norteno1.jpg?resize=768%2C543&amp;ssl=1 768w\" sizes=\"auto, (max-width: 1000px) 100vw, 1000px\" \/><\/a><\/figure>\n\n\n\n<p><strong>Grupo Norte\u00f1o en Jiutepec Morelos | Tel. 777 773 3036<\/strong><br>Cuernavaca \u25cf Temixco \u25cf Jiutepec \u25cf Xochitepec \u25cf Zapata \u25cf Cuautla \u25cf Yautepec \u25cf Zacatepec \u25cf Tepoztl\u00e1n \u25cf Tequesquitengo \u25cf Jojutla | Calidad Garantizada | Aniversarios &#8211; Bodas &#8211; XV A\u00f1os &#8211; Cumplea\u00f1os &#8211; Eventos<br><\/p>\n\n\n\n<p>La m\u00fasica norte\u00f1a es un g\u00e9nero tradicional y muy popular en los \u00faltimos tiempos que se origin\u00f3 en el norte de M\u00e9xico. echando ra\u00edces en todas partes de la rep\u00fablica mexicana<\/p>\n\n\n\n<p>Distintivos de la m\u00fasica norte\u00f1a:<br>se caracteriza por el uso de instrumentos como el acorde\u00f3n, bajo sexto, bater\u00eda, bajo el\u00e9ctrico, y saxof\u00f3n. Estos instrumentos crean un sonido distintivo y en\u00e9rgico.<\/p>\n\n\n\n<p>Los Norte\u00f1os somos m\u00fasicos profesionales reconocidos mundialmente por la calidad musical.<br>Contamos con varias opciones que se ajustaran a su econom\u00eda para su evento.<\/p>\n\n\n\n<p>SERVICIO POR HORA (set de 50 Minutos)<br>De lunes a Domingo<br>Grupo de Norte\u00f1os<br>4 elementos (Bajo sexto, Acorde\u00f3n, Bater\u00eda y Baj\u00f3 el\u00e9ctrico)<\/p>\n\n\n\n<p>PARA CONTRATAR M\u00ednimo por 2 horas<\/p>\n\n\n\n<ul class=\"wp-block-list\">\n<li>Nombre de contacto \u2022 Numero Celular \u2022 Direcci\u00f3n \u2022 Hora y Fecha \u2022 Ubicaci\u00f3n de Google Maps \u2022 Anticipo m\u00ednimo<\/li>\n<\/ul>\n\n\n<a id=\"69e68ec9cef10\" rel=\"wp-video-lightbox\" href=\"https:\/\/www.youtube.com\/watch?v=550_wXwLDeA&#038;width=280&#038;height=220\" title=\"\"><div class=\"wpvl_auto_thumb_box_wrapper\"><div class=\"wpvl_auto_thumb_box\"><img data-recalc-dims=\"1\" decoding=\"async\" src=\"https:\/\/i0.wp.com\/img.youtube.com\/vi\/550_wXwLDeA\/0.jpg?ssl=1\" class=\"video_lightbox_auto_anchor_image\" alt=\"\" \/><div class=\"wpvl_auto_thumb_play\"><img data-recalc-dims=\"1\" decoding=\"async\" src=\"https:\/\/i0.wp.com\/nortenos.bandamusical.mx\/blog\/wp-content\/plugins\/wp-video-lightbox\/images\/play.png?ssl=1\" class=\"wpvl_playbutton\" \/><\/div><\/div><\/div><\/a>    <script>\r\n    \/* <![CDATA[ *\/\r\n    jQuery(document).ready(function($){\r\n        $(function(){\r\n            var width = $(window).innerWidth();\r\n            var setwidth = parseFloat(280);\r\n            var ratio = parseFloat(0.78571428571429);\r\n            var height = parseFloat(220);\r\n            var link = 'https:\/\/www.youtube.com\/watch?v=550_wXwLDeA&amp;width=280&amp;height=220';\r\n            if(width < setwidth)\r\n            {\r\n                height = Math.floor(width * 0.78571428571429);\r\n                \/\/console.log(\"device width \"+width+\", set width \"+280+\", ratio \"+0.78571428571429+\", new height \"+ height);\r\n                var new_url = wpvl_paramReplace('width', link, width);\r\n                var new_url = wpvl_paramReplace('height', new_url, height);\r\n                $(\"a#69e68ec9cef10\").attr('href', new_url);\r\n                \/\/console.log(new_url);\r\n            }\r\n        });\r\n    });\r\n    \/* ]]> *\/\r\n    <\/script>\n\n\n\n<p>Contrataciones en todo Morelos<br>Cuernavaca \u2022 Temixco \u2022 Jiutepec \u2022 Xochitepec \u2022 Zapata \u2022 Cuautla \u2022 Yautepec \u2022 Zacatepec \u2022 Tepoztl\u00e1n \u2022 Tequesquitengo<br>Aniversarios \u2022 Bodas \u2022 XV A\u00f1os \u2022 Cumplea\u00f1os\u2022 Eventos<br>Reserva al tel.<br>Calidad Garantizada<br>Grupos de Norte\u00f1os en Morelos<\/p>\n","protected":false},"excerpt":{"rendered":"<p>Grupo Norte\u00f1o en Jiutepec Morelos | Tel. 777 773 3036Cuernavaca \u25cf Temixco \u25cf Jiutepec \u25cf Xochitepec \u25cf Zapata \u25cf Cuautla \u25cf Yautepec \u25cf Zacatepec \u25cf Tepoztl\u00e1n \u25cf Tequesquitengo \u25cf Jojutla | Calidad Garantizada | Aniversarios &#8211; Bodas &#8211; XV A\u00f1os &#8211; Cumplea\u00f1os &#8211; Eventos La m\u00fasica norte\u00f1a es un g\u00e9nero tradicional y muy popular en [&hellip;]<\/p>\n","protected":false},"author":1,"featured_media":0,"parent":0,"menu_order":0,"comment_status":"closed","ping_status":"closed","template":"","meta":{"footnotes":""},"class_list":["post-629","page","type-page","status-publish","hentry"],"yoast_head":"<!-- This site is optimized with the Yoast SEO plugin v27.4 - https:\/\/yoast.com\/product\/yoast-seo-wordpress\/ -->\n<title>Norte\u00f1os en Jiutepec Morelos | Reserve al Tel. 777 773 3036<\/title>\n<meta name=\"description\" content=\"XV A\u00f1os \u2022 Eventos \u2022 Bodas \u2022 Cumplea\u00f1os | Brindamos servicios para todo tipo de fiestas y eventos sociales en Jiutepec, Morelos\" \/>\n<meta name=\"robots\" content=\"index, follow, max-snippet:-1, max-image-preview:large, max-video-preview:-1\" \/>\n<link rel=\"canonical\" href=\"https:\/\/nortenos.bandamusical.mx\/blog\/nortenos-en-jiutepec-morelos\/\" \/>\n<meta property=\"og:locale\" content=\"es_MX\" \/>\n<meta property=\"og:type\" content=\"article\" \/>\n<meta property=\"og:title\" content=\"Norte\u00f1os en Jiutepec Morelos | Reserve al Tel. 777 773 3036\" \/>\n<meta property=\"og:description\" content=\"XV A\u00f1os \u2022 Eventos \u2022 Bodas \u2022 Cumplea\u00f1os | Brindamos servicios para todo tipo de fiestas y eventos sociales en Jiutepec, Morelos\" \/>\n<meta property=\"og:url\" content=\"https:\/\/nortenos.bandamusical.mx\/blog\/nortenos-en-jiutepec-morelos\/\" \/>\n<meta property=\"og:site_name\" content=\"Grupos Norte&ntilde;os en Morelos\" \/>\n<meta property=\"article:modified_time\" content=\"2025-04-18T23:42:38+00:00\" \/>\n<meta property=\"og:image\" content=\"https:\/\/nortenos.bandamusical.mx\/blog\/wp-content\/uploads\/2024\/09\/norteno1.jpg\" \/>\n<meta name=\"twitter:card\" content=\"summary_large_image\" \/>\n<meta name=\"twitter:label1\" content=\"Tiempo de lectura\" \/>\n\t<meta name=\"twitter:data1\" content=\"2 minutos\" \/>\n<script type=\"application\/ld+json\" class=\"yoast-schema-graph\">{\"@context\":\"https:\\\/\\\/schema.org\",\"@graph\":[{\"@type\":\"WebPage\",\"@id\":\"https:\\\/\\\/nortenos.bandamusical.mx\\\/blog\\\/nortenos-en-jiutepec-morelos\\\/\",\"url\":\"https:\\\/\\\/nortenos.bandamusical.mx\\\/blog\\\/nortenos-en-jiutepec-morelos\\\/\",\"name\":\"Norte\u00f1os en Jiutepec Morelos | Reserve al Tel. 777 773 3036\",\"isPartOf\":{\"@id\":\"https:\\\/\\\/nortenos.bandamusical.mx\\\/blog\\\/#website\"},\"primaryImageOfPage\":{\"@id\":\"https:\\\/\\\/nortenos.bandamusical.mx\\\/blog\\\/nortenos-en-jiutepec-morelos\\\/#primaryimage\"},\"image\":{\"@id\":\"https:\\\/\\\/nortenos.bandamusical.mx\\\/blog\\\/nortenos-en-jiutepec-morelos\\\/#primaryimage\"},\"thumbnailUrl\":\"https:\\\/\\\/nortenos.bandamusical.mx\\\/blog\\\/wp-content\\\/uploads\\\/2024\\\/09\\\/norteno1.jpg\",\"datePublished\":\"2024-09-05T01:57:30+00:00\",\"dateModified\":\"2025-04-18T23:42:38+00:00\",\"description\":\"XV A\u00f1os \u2022 Eventos \u2022 Bodas \u2022 Cumplea\u00f1os | Brindamos servicios para todo tipo de fiestas y eventos sociales en Jiutepec, Morelos\",\"breadcrumb\":{\"@id\":\"https:\\\/\\\/nortenos.bandamusical.mx\\\/blog\\\/nortenos-en-jiutepec-morelos\\\/#breadcrumb\"},\"inLanguage\":\"es\",\"potentialAction\":[{\"@type\":\"ReadAction\",\"target\":[\"https:\\\/\\\/nortenos.bandamusical.mx\\\/blog\\\/nortenos-en-jiutepec-morelos\\\/\"]}]},{\"@type\":\"ImageObject\",\"inLanguage\":\"es\",\"@id\":\"https:\\\/\\\/nortenos.bandamusical.mx\\\/blog\\\/nortenos-en-jiutepec-morelos\\\/#primaryimage\",\"url\":\"https:\\\/\\\/i0.wp.com\\\/nortenos.bandamusical.mx\\\/blog\\\/wp-content\\\/uploads\\\/2024\\\/09\\\/norteno1.jpg?fit=1019%2C720&ssl=1\",\"contentUrl\":\"https:\\\/\\\/i0.wp.com\\\/nortenos.bandamusical.mx\\\/blog\\\/wp-content\\\/uploads\\\/2024\\\/09\\\/norteno1.jpg?fit=1019%2C720&ssl=1\",\"width\":1019,\"height\":720},{\"@type\":\"BreadcrumbList\",\"@id\":\"https:\\\/\\\/nortenos.bandamusical.mx\\\/blog\\\/nortenos-en-jiutepec-morelos\\\/#breadcrumb\",\"itemListElement\":[{\"@type\":\"ListItem\",\"position\":1,\"name\":\"Home\",\"item\":\"https:\\\/\\\/nortenos.bandamusical.mx\\\/blog\\\/\"},{\"@type\":\"ListItem\",\"position\":2,\"name\":\"Norte\u00f1os en Jiutepec\"}]},{\"@type\":\"WebSite\",\"@id\":\"https:\\\/\\\/nortenos.bandamusical.mx\\\/blog\\\/#website\",\"url\":\"https:\\\/\\\/nortenos.bandamusical.mx\\\/blog\\\/\",\"name\":\"\u272a Mariachi Cocula Cuernavaca \u2605 Sitio oficial\",\"description\":\"Econ&oacute;mico Calidad Garantizada | Tel. 777 773-3036\",\"publisher\":{\"@id\":\"https:\\\/\\\/nortenos.bandamusical.mx\\\/blog\\\/#\\\/schema\\\/person\\\/8e6e0bf96ef41eb472a2563ed1b8fc1a\"},\"potentialAction\":[{\"@type\":\"SearchAction\",\"target\":{\"@type\":\"EntryPoint\",\"urlTemplate\":\"https:\\\/\\\/nortenos.bandamusical.mx\\\/blog\\\/?s={search_term_string}\"},\"query-input\":{\"@type\":\"PropertyValueSpecification\",\"valueRequired\":true,\"valueName\":\"search_term_string\"}}],\"inLanguage\":\"es\"},{\"@type\":[\"Person\",\"Organization\"],\"@id\":\"https:\\\/\\\/nortenos.bandamusical.mx\\\/blog\\\/#\\\/schema\\\/person\\\/8e6e0bf96ef41eb472a2563ed1b8fc1a\",\"name\":\"admin\",\"image\":{\"@type\":\"ImageObject\",\"inLanguage\":\"es\",\"@id\":\"https:\\\/\\\/secure.gravatar.com\\\/avatar\\\/2929f236dfccc37a5e7043acd1c79d48f1f0290eae9e3e949b9fccaba24ffdf3?s=96&d=mm&r=g\",\"url\":\"https:\\\/\\\/secure.gravatar.com\\\/avatar\\\/2929f236dfccc37a5e7043acd1c79d48f1f0290eae9e3e949b9fccaba24ffdf3?s=96&d=mm&r=g\",\"contentUrl\":\"https:\\\/\\\/secure.gravatar.com\\\/avatar\\\/2929f236dfccc37a5e7043acd1c79d48f1f0290eae9e3e949b9fccaba24ffdf3?s=96&d=mm&r=g\",\"caption\":\"admin\"},\"logo\":{\"@id\":\"https:\\\/\\\/secure.gravatar.com\\\/avatar\\\/2929f236dfccc37a5e7043acd1c79d48f1f0290eae9e3e949b9fccaba24ffdf3?s=96&d=mm&r=g\"}}]}<\/script>\n<!-- \/ Yoast SEO plugin. -->","yoast_head_json":{"title":"Norte\u00f1os en Jiutepec Morelos | Reserve al Tel. 777 773 3036","description":"XV A\u00f1os \u2022 Eventos \u2022 Bodas \u2022 Cumplea\u00f1os | Brindamos servicios para todo tipo de fiestas y eventos sociales en Jiutepec, Morelos","robots":{"index":"index","follow":"follow","max-snippet":"max-snippet:-1","max-image-preview":"max-image-preview:large","max-video-preview":"max-video-preview:-1"},"canonical":"https:\/\/nortenos.bandamusical.mx\/blog\/nortenos-en-jiutepec-morelos\/","og_locale":"es_MX","og_type":"article","og_title":"Norte\u00f1os en Jiutepec Morelos | Reserve al Tel. 777 773 3036","og_description":"XV A\u00f1os \u2022 Eventos \u2022 Bodas \u2022 Cumplea\u00f1os | Brindamos servicios para todo tipo de fiestas y eventos sociales en Jiutepec, Morelos","og_url":"https:\/\/nortenos.bandamusical.mx\/blog\/nortenos-en-jiutepec-morelos\/","og_site_name":"Grupos Norte&ntilde;os en Morelos","article_modified_time":"2025-04-18T23:42:38+00:00","og_image":[{"url":"https:\/\/nortenos.bandamusical.mx\/blog\/wp-content\/uploads\/2024\/09\/norteno1.jpg","type":"","width":"","height":""}],"twitter_card":"summary_large_image","twitter_misc":{"Tiempo de lectura":"2 minutos"},"schema":{"@context":"https:\/\/schema.org","@graph":[{"@type":"WebPage","@id":"https:\/\/nortenos.bandamusical.mx\/blog\/nortenos-en-jiutepec-morelos\/","url":"https:\/\/nortenos.bandamusical.mx\/blog\/nortenos-en-jiutepec-morelos\/","name":"Norte\u00f1os en Jiutepec Morelos | Reserve al Tel. 777 773 3036","isPartOf":{"@id":"https:\/\/nortenos.bandamusical.mx\/blog\/#website"},"primaryImageOfPage":{"@id":"https:\/\/nortenos.bandamusical.mx\/blog\/nortenos-en-jiutepec-morelos\/#primaryimage"},"image":{"@id":"https:\/\/nortenos.bandamusical.mx\/blog\/nortenos-en-jiutepec-morelos\/#primaryimage"},"thumbnailUrl":"https:\/\/nortenos.bandamusical.mx\/blog\/wp-content\/uploads\/2024\/09\/norteno1.jpg","datePublished":"2024-09-05T01:57:30+00:00","dateModified":"2025-04-18T23:42:38+00:00","description":"XV A\u00f1os \u2022 Eventos \u2022 Bodas \u2022 Cumplea\u00f1os | Brindamos servicios para todo tipo de fiestas y eventos sociales en Jiutepec, Morelos","breadcrumb":{"@id":"https:\/\/nortenos.bandamusical.mx\/blog\/nortenos-en-jiutepec-morelos\/#breadcrumb"},"inLanguage":"es","potentialAction":[{"@type":"ReadAction","target":["https:\/\/nortenos.bandamusical.mx\/blog\/nortenos-en-jiutepec-morelos\/"]}]},{"@type":"ImageObject","inLanguage":"es","@id":"https:\/\/nortenos.bandamusical.mx\/blog\/nortenos-en-jiutepec-morelos\/#primaryimage","url":"https:\/\/i0.wp.com\/nortenos.bandamusical.mx\/blog\/wp-content\/uploads\/2024\/09\/norteno1.jpg?fit=1019%2C720&ssl=1","contentUrl":"https:\/\/i0.wp.com\/nortenos.bandamusical.mx\/blog\/wp-content\/uploads\/2024\/09\/norteno1.jpg?fit=1019%2C720&ssl=1","width":1019,"height":720},{"@type":"BreadcrumbList","@id":"https:\/\/nortenos.bandamusical.mx\/blog\/nortenos-en-jiutepec-morelos\/#breadcrumb","itemListElement":[{"@type":"ListItem","position":1,"name":"Home","item":"https:\/\/nortenos.bandamusical.mx\/blog\/"},{"@type":"ListItem","position":2,"name":"Norte\u00f1os en Jiutepec"}]},{"@type":"WebSite","@id":"https:\/\/nortenos.bandamusical.mx\/blog\/#website","url":"https:\/\/nortenos.bandamusical.mx\/blog\/","name":"\u272a Mariachi Cocula Cuernavaca \u2605 Sitio oficial","description":"Econ&oacute;mico Calidad Garantizada | Tel. 777 773-3036","publisher":{"@id":"https:\/\/nortenos.bandamusical.mx\/blog\/#\/schema\/person\/8e6e0bf96ef41eb472a2563ed1b8fc1a"},"potentialAction":[{"@type":"SearchAction","target":{"@type":"EntryPoint","urlTemplate":"https:\/\/nortenos.bandamusical.mx\/blog\/?s={search_term_string}"},"query-input":{"@type":"PropertyValueSpecification","valueRequired":true,"valueName":"search_term_string"}}],"inLanguage":"es"},{"@type":["Person","Organization"],"@id":"https:\/\/nortenos.bandamusical.mx\/blog\/#\/schema\/person\/8e6e0bf96ef41eb472a2563ed1b8fc1a","name":"admin","image":{"@type":"ImageObject","inLanguage":"es","@id":"https:\/\/secure.gravatar.com\/avatar\/2929f236dfccc37a5e7043acd1c79d48f1f0290eae9e3e949b9fccaba24ffdf3?s=96&d=mm&r=g","url":"https:\/\/secure.gravatar.com\/avatar\/2929f236dfccc37a5e7043acd1c79d48f1f0290eae9e3e949b9fccaba24ffdf3?s=96&d=mm&r=g","contentUrl":"https:\/\/secure.gravatar.com\/avatar\/2929f236dfccc37a5e7043acd1c79d48f1f0290eae9e3e949b9fccaba24ffdf3?s=96&d=mm&r=g","caption":"admin"},"logo":{"@id":"https:\/\/secure.gravatar.com\/avatar\/2929f236dfccc37a5e7043acd1c79d48f1f0290eae9e3e949b9fccaba24ffdf3?s=96&d=mm&r=g"}}]}},"jetpack_sharing_enabled":true,"_links":{"self":[{"href":"https:\/\/nortenos.bandamusical.mx\/blog\/wp-json\/wp\/v2\/pages\/629","targetHints":{"allow":["GET"]}}],"collection":[{"href":"https:\/\/nortenos.bandamusical.mx\/blog\/wp-json\/wp\/v2\/pages"}],"about":[{"href":"https:\/\/nortenos.bandamusical.mx\/blog\/wp-json\/wp\/v2\/types\/page"}],"author":[{"embeddable":true,"href":"https:\/\/nortenos.bandamusical.mx\/blog\/wp-json\/wp\/v2\/users\/1"}],"replies":[{"embeddable":true,"href":"https:\/\/nortenos.bandamusical.mx\/blog\/wp-json\/wp\/v2\/comments?post=629"}],"version-history":[{"count":2,"href":"https:\/\/nortenos.bandamusical.mx\/blog\/wp-json\/wp\/v2\/pages\/629\/revisions"}],"predecessor-version":[{"id":636,"href":"https:\/\/nortenos.bandamusical.mx\/blog\/wp-json\/wp\/v2\/pages\/629\/revisions\/636"}],"wp:attachment":[{"href":"https:\/\/nortenos.bandamusical.mx\/blog\/wp-json\/wp\/v2\/media?parent=629"}],"curies":[{"name":"wp","href":"https:\/\/api.w.org\/{rel}","templated":true}]}}